{"id":188,"date":"2020-12-19T10:51:33","date_gmt":"2020-12-19T10:51:33","guid":{"rendered":"http:\/\/sw-themes.com\/porto_dummy\/?page_id=188"},"modified":"2026-02-06T15:47:04","modified_gmt":"2026-02-06T14:47:04","slug":"conception-jardin-dijon","status":"publish","type":"page","link":"https:\/\/www.actisudpaysage.com\/site2024\/conception-jardin-dijon\/","title":{"rendered":"Conception de jardins"},"content":{"rendered":"\t\t<div data-elementor-type=\"wp-page\" data-elementor-id=\"188\" class=\"elementor elementor-188\" data-elementor-post-type=\"page\">\n\t\t\t\t\t\t<section class=\"elementor-section elementor-top-section elementor-element elementor-element-f773bde pc-section-shape-background shape-reverse p-t-xxl p-b-xxl elementor-section-content-middle elementor-section-boxed elementor-section-height-default elementor-section-height-default\" data-id=\"f773bde\" data-element_type=\"section\" data-e-type=\"section\" data-settings=\"{&quot;background_background&quot;:&quot;classic&quot;}\">\r\n\t\t\r\n\t\t\t\t\t\t\t<div class=\"elementor-container elementor-column-gap-default\">\r\n\t\t\t\t\t\t\t\t\t\t\t<div class=\"elementor-column elementor-col-50 elementor-top-column elementor-element elementor-element-ac30027 z-index-2 ps-lg-4 my-lg-4 order-lg-2\" data-id=\"ac30027\" data-element_type=\"column\" data-e-type=\"column\">\r\n\t\t\t\t\t<div class=\"elementor-widget-wrap elementor-element-populated\">\r\n\t\t\t\t\t\t\t\t<div class=\"elementor-element elementor-element-97dfc99 mb-0 box-shadow-3 elementor-invisible elementor-widget elementor-widget-image\" data-id=\"97dfc99\" data-element_type=\"widget\" data-e-type=\"widget\" data-settings=\"{&quot;_animation&quot;:&quot;fadeInRight&quot;,&quot;_animation_delay&quot;:500}\" data-widget_type=\"image.default\">\n\t\t\t\t<div class=\"elementor-widget-container\">\n\t\t\t\t\t\t\t\t\t\t\t\t\t\t\t\t<a href=\"https:\/\/www.actisudpaysage.com\/site2024\/wp-content\/uploads\/2024\/04\/etude-acti-sud-paysage-8.jpg\" data-elementor-open-lightbox=\"yes\" data-elementor-lightbox-title=\"etude-acti-sud-paysage-8\" data-e-action-hash=\"#elementor-action%3Aaction%3Dlightbox%26settings%3DeyJpZCI6Mjk2NywidXJsIjoiaHR0cHM6XC9cL3d3dy5hY3Rpc3VkcGF5c2FnZS5jb21cL3NpdGUyMDI0XC93cC1jb250ZW50XC91cGxvYWRzXC8yMDI0XC8wNFwvZXR1ZGUtYWN0aS1zdWQtcGF5c2FnZS04LmpwZyJ9\">\n\t\t\t\t\t\t\t<img fetchpriority=\"high\" decoding=\"async\" width=\"1846\" height=\"1080\" src=\"https:\/\/www.actisudpaysage.com\/site2024\/wp-content\/uploads\/2024\/04\/etude-acti-sud-paysage-8.jpg\" class=\"attachment-full size-full wp-image-2967\" alt=\"acti sud paysage \u00e9tude de r\u00e9alisation\" srcset=\"https:\/\/www.actisudpaysage.com\/site2024\/wp-content\/uploads\/2024\/04\/etude-acti-sud-paysage-8.jpg 1846w, https:\/\/www.actisudpaysage.com\/site2024\/wp-content\/uploads\/2024\/04\/etude-acti-sud-paysage-8-640x374.jpg 640w, https:\/\/www.actisudpaysage.com\/site2024\/wp-content\/uploads\/2024\/04\/etude-acti-sud-paysage-8-1280x749.jpg 1280w, https:\/\/www.actisudpaysage.com\/site2024\/wp-content\/uploads\/2024\/04\/etude-acti-sud-paysage-8-768x449.jpg 768w, https:\/\/www.actisudpaysage.com\/site2024\/wp-content\/uploads\/2024\/04\/etude-acti-sud-paysage-8-1536x899.jpg 1536w, https:\/\/www.actisudpaysage.com\/site2024\/wp-content\/uploads\/2024\/04\/etude-acti-sud-paysage-8-400x234.jpg 400w, https:\/\/www.actisudpaysage.com\/site2024\/wp-content\/uploads\/2024\/04\/etude-acti-sud-paysage-8-367x215.jpg 367w, https:\/\/www.actisudpaysage.com\/site2024\/wp-content\/uploads\/2024\/04\/etude-acti-sud-paysage-8-600x351.jpg 600w\" sizes=\"(max-width: 1846px) 100vw, 1846px\" \/>\t\t\t\t\t\t\t\t<\/a>\n\t\t\t\t\t\t\t\t\t\t\t\t\t\t\t<\/div>\n\t\t\t\t<\/div>\n\t\t\t\t\t<\/div>\r\n\t\t\t\t<\/div>\r\n\t\t\t\t<div class=\"elementor-column elementor-col-50 elementor-top-column elementor-element elementor-element-da16fdc z-index-2  my-lg-4 elementor-invisible\" data-id=\"da16fdc\" data-element_type=\"column\" data-e-type=\"column\" data-settings=\"{&quot;animation&quot;:&quot;fadeInRight&quot;,&quot;animation_delay&quot;:200}\">\r\n\t\t\t\t\t<div class=\"elementor-widget-wrap elementor-element-populated\">\r\n\t\t\t\t\t\t\t\t<div class=\"elementor-element elementor-element-f6a5df7 py-2 mb-0 elementor-widget elementor-widget-heading\" data-id=\"f6a5df7\" data-element_type=\"widget\" data-e-type=\"widget\" data-widget_type=\"heading.default\">\n\t\t\t\t<div class=\"elementor-widget-container\">\n\t\t\t\t\t<h3 class=\"elementor-heading-title elementor-size-default\">ACTI SUD PAYSAGE<\/h3>\t\t\t\t<\/div>\n\t\t\t\t<\/div>\n\t\t\t\t<div class=\"elementor-element elementor-element-96fb1d7 mb-3 elementor-widget elementor-widget-heading\" data-id=\"96fb1d7\" data-element_type=\"widget\" data-e-type=\"widget\" data-widget_type=\"heading.default\">\n\t\t\t\t<div class=\"elementor-widget-container\">\n\t\t\t\t\t<h2 class=\"elementor-heading-title elementor-size-default\">Etude &amp; r\u00e9alisation<br>de votre jardin<\/h2>\t\t\t\t<\/div>\n\t\t\t\t<\/div>\n\t\t\t\t<div class=\"elementor-element elementor-element-8f5a37d pb-3 mb-4 custom-font1 elementor-widget elementor-widget-heading\" data-id=\"8f5a37d\" data-element_type=\"widget\" data-e-type=\"widget\" data-widget_type=\"heading.default\">\n\t\t\t\t<div class=\"elementor-widget-container\">\n\t\t\t\t\t<p class=\"elementor-heading-title elementor-size-default\">Voir son jardin prendre racine<\/p>\t\t\t\t<\/div>\n\t\t\t\t<\/div>\n\t\t\t\t<div class=\"elementor-element elementor-element-4aa71aa elementor-widget elementor-widget-heading\" data-id=\"4aa71aa\" data-element_type=\"widget\" data-e-type=\"widget\" data-widget_type=\"heading.default\">\n\t\t\t\t<div class=\"elementor-widget-container\">\n\t\t\t\t\t<p class=\"elementor-heading-title elementor-size-default\">- Rendez-vous \u00e0 votre domicile pour faire un \u00e9tat des lieux. <br>\n- Prise en compte des contraintes et des atouts<br>\n- Dialogue sur vos envies et besoins<br>\n- Ebauche et propositions, conseils<br>\n- Etude du projet, recherche esth\u00e9tique et fonctionnelle<br>\n- Choix de mat\u00e9riaux qualitatifs et durables.<br>\n- Chiffrage des prestations<br>\n- Pr\u00e9sentation de l\u2019offre, \u00e9change sur les techniques et les choix de mati\u00e8res<br>\n- Pr\u00e9sentation d\u2019\u00e9chantillons \u00e0 notre showroom<br>\n- Nouvelles versions pour retravailler le projet\n<\/p>\t\t\t\t<\/div>\n\t\t\t\t<\/div>\n\t\t\t\t<div class=\"elementor-element elementor-element-6fb18ce elementor-widget elementor-widget-image-gallery\" data-id=\"6fb18ce\" data-element_type=\"widget\" data-e-type=\"widget\" data-widget_type=\"image-gallery.default\">\n\t\t\t\t<div class=\"elementor-widget-container\">\n\t\t\t\t\t\t\t<div class=\"elementor-image-gallery\">\n\t\t\t<div id='gallery-1' class='gallery galleryid-188 gallery-columns-3 gallery-size-portfolio-medium'><figure class='gallery-item'>\n\t\t\t<div class='gallery-icon landscape'>\n\t\t\t\t<a data-elementor-open-lightbox=\"yes\" data-elementor-lightbox-slideshow=\"6fb18ce\" data-elementor-lightbox-title=\"plan-conception-jardin\" data-e-action-hash=\"#elementor-action%3Aaction%3Dlightbox%26settings%3DeyJpZCI6MzY2NywidXJsIjoiaHR0cHM6XC9cL3d3dy5hY3Rpc3VkcGF5c2FnZS5jb21cL3NpdGUyMDI0XC93cC1jb250ZW50XC91cGxvYWRzXC8yMDI1XC8wNFwvMjAyNTAzMTRfMTEzMTExLXJvdGF0ZWQtZTE3NDM2MDUyMzEzODQuanBnIiwic2xpZGVzaG93IjoiNmZiMThjZSJ9\" href='https:\/\/www.actisudpaysage.com\/site2024\/wp-content\/uploads\/2025\/04\/20250314_113111-rotated-e1743605231384.jpg'><img decoding=\"async\" width=\"367\" height=\"367\" src=\"https:\/\/www.actisudpaysage.com\/site2024\/wp-content\/uploads\/2025\/04\/20250314_113111-rotated-e1743605231384-367x367.jpg\" class=\"attachment-portfolio-medium size-portfolio-medium\" alt=\"paysagiste concepteur plans am\u00e9nagement jardin Acti Sud Paysage paysagiste Dijon\" aria-describedby=\"gallery-1-3667\" \/><\/a>\n\t\t\t<\/div>\n\t\t\t\t<figcaption class='wp-caption-text gallery-caption' id='gallery-1-3667'>\n\t\t\t\tplan conception jardin\n\t\t\t\t<\/figcaption><\/figure><figure class='gallery-item'>\n\t\t\t<div class='gallery-icon landscape'>\n\t\t\t\t<a data-elementor-open-lightbox=\"yes\" data-elementor-lightbox-slideshow=\"6fb18ce\" data-elementor-lightbox-title=\"etude-acti-sud-paysage-1\" data-e-action-hash=\"#elementor-action%3Aaction%3Dlightbox%26settings%3DeyJpZCI6Mjk2MSwidXJsIjoiaHR0cHM6XC9cL3d3dy5hY3Rpc3VkcGF5c2FnZS5jb21cL3NpdGUyMDI0XC93cC1jb250ZW50XC91cGxvYWRzXC8yMDI0XC8wNFwvZXR1ZGUtYWN0aS1zdWQtcGF5c2FnZS0xLTEuanBnIiwic2xpZGVzaG93IjoiNmZiMThjZSJ9\" data-elementor-lightbox-description=\"acti sud paysage \u00e9tude de r\u00e9alisation\" href='https:\/\/www.actisudpaysage.com\/site2024\/wp-content\/uploads\/2024\/04\/etude-acti-sud-paysage-1-1.jpg'><img decoding=\"async\" width=\"367\" height=\"367\" src=\"https:\/\/www.actisudpaysage.com\/site2024\/wp-content\/uploads\/2024\/04\/etude-acti-sud-paysage-1-1-367x367.jpg\" class=\"attachment-portfolio-medium size-portfolio-medium\" alt=\"acti sud paysage \u00e9tude de r\u00e9alisation\" \/><\/a>\n\t\t\t<\/div><\/figure><figure class='gallery-item'>\n\t\t\t<div class='gallery-icon landscape'>\n\t\t\t\t<a data-elementor-open-lightbox=\"yes\" data-elementor-lightbox-slideshow=\"6fb18ce\" data-elementor-lightbox-title=\"etude-acti-sud-paysage-3\" data-e-action-hash=\"#elementor-action%3Aaction%3Dlightbox%26settings%3DeyJpZCI6Mjk2MiwidXJsIjoiaHR0cHM6XC9cL3d3dy5hY3Rpc3VkcGF5c2FnZS5jb21cL3NpdGUyMDI0XC93cC1jb250ZW50XC91cGxvYWRzXC8yMDI0XC8wNFwvZXR1ZGUtYWN0aS1zdWQtcGF5c2FnZS0zLmpwZyIsInNsaWRlc2hvdyI6IjZmYjE4Y2UifQ%3D%3D\" data-elementor-lightbox-description=\"acti sud paysage \u00e9tude de r\u00e9alisation\" href='https:\/\/www.actisudpaysage.com\/site2024\/wp-content\/uploads\/2024\/04\/etude-acti-sud-paysage-3.jpg'><img loading=\"lazy\" decoding=\"async\" width=\"367\" height=\"367\" src=\"https:\/\/www.actisudpaysage.com\/site2024\/wp-content\/uploads\/2024\/04\/etude-acti-sud-paysage-3-367x367.jpg\" class=\"attachment-portfolio-medium size-portfolio-medium\" alt=\"acti sud paysage \u00e9tude de r\u00e9alisation\" \/><\/a>\n\t\t\t<\/div><\/figure><figure class='gallery-item'>\n\t\t\t<div class='gallery-icon landscape'>\n\t\t\t\t<a data-elementor-open-lightbox=\"yes\" data-elementor-lightbox-slideshow=\"6fb18ce\" data-elementor-lightbox-title=\"etude-acti-sud-paysage-4\" data-e-action-hash=\"#elementor-action%3Aaction%3Dlightbox%26settings%3DeyJpZCI6Mjk2MywidXJsIjoiaHR0cHM6XC9cL3d3dy5hY3Rpc3VkcGF5c2FnZS5jb21cL3NpdGUyMDI0XC93cC1jb250ZW50XC91cGxvYWRzXC8yMDI0XC8wNFwvZXR1ZGUtYWN0aS1zdWQtcGF5c2FnZS00LmpwZyIsInNsaWRlc2hvdyI6IjZmYjE4Y2UifQ%3D%3D\" data-elementor-lightbox-description=\"acti sud paysage \u00e9tude de r\u00e9alisation\" href='https:\/\/www.actisudpaysage.com\/site2024\/wp-content\/uploads\/2024\/04\/etude-acti-sud-paysage-4.jpg'><img loading=\"lazy\" decoding=\"async\" width=\"367\" height=\"367\" src=\"https:\/\/www.actisudpaysage.com\/site2024\/wp-content\/uploads\/2024\/04\/etude-acti-sud-paysage-4-367x367.jpg\" class=\"attachment-portfolio-medium size-portfolio-medium\" alt=\"acti sud paysage \u00e9tude de r\u00e9alisation\" \/><\/a>\n\t\t\t<\/div><\/figure><figure class='gallery-item'>\n\t\t\t<div class='gallery-icon landscape'>\n\t\t\t\t<a data-elementor-open-lightbox=\"yes\" data-elementor-lightbox-slideshow=\"6fb18ce\" data-elementor-lightbox-title=\"etude-acti-sud-paysage-5\" data-e-action-hash=\"#elementor-action%3Aaction%3Dlightbox%26settings%3DeyJpZCI6Mjk2NCwidXJsIjoiaHR0cHM6XC9cL3d3dy5hY3Rpc3VkcGF5c2FnZS5jb21cL3NpdGUyMDI0XC93cC1jb250ZW50XC91cGxvYWRzXC8yMDI0XC8wNFwvZXR1ZGUtYWN0aS1zdWQtcGF5c2FnZS01LmpwZyIsInNsaWRlc2hvdyI6IjZmYjE4Y2UifQ%3D%3D\" data-elementor-lightbox-description=\"acti sud paysage \u00e9tude de r\u00e9alisation\" href='https:\/\/www.actisudpaysage.com\/site2024\/wp-content\/uploads\/2024\/04\/etude-acti-sud-paysage-5.jpg'><img loading=\"lazy\" decoding=\"async\" width=\"367\" height=\"367\" src=\"https:\/\/www.actisudpaysage.com\/site2024\/wp-content\/uploads\/2024\/04\/etude-acti-sud-paysage-5-367x367.jpg\" class=\"attachment-portfolio-medium size-portfolio-medium\" alt=\"acti sud paysage \u00e9tude de r\u00e9alisation\" \/><\/a>\n\t\t\t<\/div><\/figure><figure class='gallery-item'>\n\t\t\t<div class='gallery-icon landscape'>\n\t\t\t\t<a data-elementor-open-lightbox=\"yes\" data-elementor-lightbox-slideshow=\"6fb18ce\" data-elementor-lightbox-title=\"etude-acti-sud-paysage-6\" data-e-action-hash=\"#elementor-action%3Aaction%3Dlightbox%26settings%3DeyJpZCI6Mjk2NSwidXJsIjoiaHR0cHM6XC9cL3d3dy5hY3Rpc3VkcGF5c2FnZS5jb21cL3NpdGUyMDI0XC93cC1jb250ZW50XC91cGxvYWRzXC8yMDI0XC8wNFwvZXR1ZGUtYWN0aS1zdWQtcGF5c2FnZS02LmpwZyIsInNsaWRlc2hvdyI6IjZmYjE4Y2UifQ%3D%3D\" data-elementor-lightbox-description=\"acti sud paysage \u00e9tude de r\u00e9alisation\" href='https:\/\/www.actisudpaysage.com\/site2024\/wp-content\/uploads\/2024\/04\/etude-acti-sud-paysage-6.jpg'><img loading=\"lazy\" decoding=\"async\" width=\"367\" height=\"367\" src=\"https:\/\/www.actisudpaysage.com\/site2024\/wp-content\/uploads\/2024\/04\/etude-acti-sud-paysage-6-367x367.jpg\" class=\"attachment-portfolio-medium size-portfolio-medium\" alt=\"acti sud paysage \u00e9tude de r\u00e9alisation\" \/><\/a>\n\t\t\t<\/div><\/figure><figure class='gallery-item'>\n\t\t\t<div class='gallery-icon landscape'>\n\t\t\t\t<a data-elementor-open-lightbox=\"yes\" data-elementor-lightbox-slideshow=\"6fb18ce\" data-elementor-lightbox-title=\"etude-acti-sud-paysage-7\" data-e-action-hash=\"#elementor-action%3Aaction%3Dlightbox%26settings%3DeyJpZCI6Mjk2NiwidXJsIjoiaHR0cHM6XC9cL3d3dy5hY3Rpc3VkcGF5c2FnZS5jb21cL3NpdGUyMDI0XC93cC1jb250ZW50XC91cGxvYWRzXC8yMDI0XC8wNFwvZXR1ZGUtYWN0aS1zdWQtcGF5c2FnZS03LmpwZyIsInNsaWRlc2hvdyI6IjZmYjE4Y2UifQ%3D%3D\" data-elementor-lightbox-description=\"acti sud paysage \u00e9tude de r\u00e9alisation\" href='https:\/\/www.actisudpaysage.com\/site2024\/wp-content\/uploads\/2024\/04\/etude-acti-sud-paysage-7.jpg'><img loading=\"lazy\" decoding=\"async\" width=\"367\" height=\"367\" src=\"https:\/\/www.actisudpaysage.com\/site2024\/wp-content\/uploads\/2024\/04\/etude-acti-sud-paysage-7-367x367.jpg\" class=\"attachment-portfolio-medium size-portfolio-medium\" alt=\"acti sud paysage \u00e9tude de r\u00e9alisation\" \/><\/a>\n\t\t\t<\/div><\/figure>\n\t\t<\/div>\n\t\t<\/div>\n\t\t\t\t\t\t<\/div>\n\t\t\t\t<\/div>\n\t\t\t\t\t<\/div>\r\n\t\t\t\t<\/div>\r\n\t\t\t\t\t<\/div>\r\n\t\t\t\t<\/section>\r\n\t\t\t\t<\/div>\n\t\t","protected":false},"excerpt":{"rendered":"<p>ACTI SUD PAYSAGE Etude &amp; r\u00e9alisation de votre jardin Voir son jardin prendre racine &#8211; Rendez-vous \u00e0 votre domicile pour faire un \u00e9tat des lieux. &#8211; Prise en compte des contraintes et des atouts &#8211; Dialogue sur vos envies et besoins &#8211; Ebauche et propositions, conseils &#8211; Etude du projet, recherche esth\u00e9tique et fonctionnelle &#8211; [&hellip;]<\/p>\n","protected":false},"author":1,"featured_media":0,"parent":0,"menu_order":0,"comment_status":"closed","ping_status":"closed","template":"","meta":{"_acf_changed":false,"_monsterinsights_skip_tracking":false,"_monsterinsights_sitenote_active":false,"_monsterinsights_sitenote_note":"","_monsterinsights_sitenote_category":0,"footnotes":""},"class_list":["post-188","page","type-page","status-publish","hentry"],"acf":[],"yoast_head":"<!-- This site is optimized with the Yoast SEO Premium plugin v27.4 (Yoast SEO v27.4) - https:\/\/yoast.com\/product\/yoast-seo-premium-wordpress\/ -->\n<title>Conception de jardins - ACTI SUD PAYSAGE<\/title>\n<meta name=\"description\" content=\"Confiez la conception de votre jardin \u00e0 Dijon \u00e0 Acti Sud Paysage : cr\u00e9ation sur mesure, am\u00e9nagement paysager et espaces verts harmonieux pour tous vos projets.\" \/>\n<meta name=\"robots\" content=\"index, follow, max-snippet:-1, max-image-preview:large, max-video-preview:-1\" \/>\n<link rel=\"canonical\" href=\"https:\/\/www.actisudpaysage.com\/site2024\/conception-jardin-dijon\/\" \/>\n<meta property=\"og:locale\" content=\"fr_FR\" \/>\n<meta property=\"og:type\" content=\"article\" \/>\n<meta property=\"og:title\" content=\"Conception de jardins\" \/>\n<meta property=\"og:description\" content=\"Confiez la conception de votre jardin \u00e0 Dijon \u00e0 Acti Sud Paysage : cr\u00e9ation sur mesure, am\u00e9nagement paysager et espaces verts harmonieux pour tous vos projets.\" \/>\n<meta property=\"og:url\" content=\"https:\/\/www.actisudpaysage.com\/site2024\/conception-jardin-dijon\/\" \/>\n<meta property=\"og:site_name\" content=\"ACTI SUD PAYSAGE\" \/>\n<meta property=\"article:publisher\" content=\"https:\/\/www.facebook.com\/actisudpaysage\" \/>\n<meta property=\"article:modified_time\" content=\"2026-02-06T14:47:04+00:00\" \/>\n<meta property=\"og:image\" content=\"https:\/\/www.actisudpaysage.com\/site2024\/wp-content\/uploads\/2024\/04\/etude-acti-sud-paysage-8.jpg\" \/>\n<meta name=\"twitter:card\" content=\"summary_large_image\" \/>\n<meta name=\"twitter:label1\" content=\"Dur\u00e9e de lecture estim\u00e9e\" \/>\n\t<meta name=\"twitter:data1\" content=\"3 minutes\" \/>\n<script type=\"application\/ld+json\" class=\"yoast-schema-graph\">{\"@context\":\"https:\\\/\\\/schema.org\",\"@graph\":[{\"@type\":\"WebPage\",\"@id\":\"https:\\\/\\\/www.actisudpaysage.com\\\/site2024\\\/conception-jardin-dijon\\\/\",\"url\":\"https:\\\/\\\/www.actisudpaysage.com\\\/site2024\\\/conception-jardin-dijon\\\/\",\"name\":\"Conception de jardins - ACTI SUD PAYSAGE\",\"isPartOf\":{\"@id\":\"https:\\\/\\\/www.actisudpaysage.com\\\/site2024\\\/#website\"},\"primaryImageOfPage\":{\"@id\":\"https:\\\/\\\/www.actisudpaysage.com\\\/site2024\\\/conception-jardin-dijon\\\/#primaryimage\"},\"image\":{\"@id\":\"https:\\\/\\\/www.actisudpaysage.com\\\/site2024\\\/conception-jardin-dijon\\\/#primaryimage\"},\"thumbnailUrl\":\"https:\\\/\\\/www.actisudpaysage.com\\\/site2024\\\/wp-content\\\/uploads\\\/2024\\\/04\\\/etude-acti-sud-paysage-8.jpg\",\"datePublished\":\"2020-12-19T10:51:33+00:00\",\"dateModified\":\"2026-02-06T14:47:04+00:00\",\"description\":\"Confiez la conception de votre jardin \u00e0 Dijon \u00e0 Acti Sud Paysage : cr\u00e9ation sur mesure, am\u00e9nagement paysager et espaces verts harmonieux pour tous vos projets.\",\"breadcrumb\":{\"@id\":\"https:\\\/\\\/www.actisudpaysage.com\\\/site2024\\\/conception-jardin-dijon\\\/#breadcrumb\"},\"inLanguage\":\"fr-FR\",\"potentialAction\":[{\"@type\":\"ReadAction\",\"target\":[\"https:\\\/\\\/www.actisudpaysage.com\\\/site2024\\\/conception-jardin-dijon\\\/\"]}]},{\"@type\":\"ImageObject\",\"inLanguage\":\"fr-FR\",\"@id\":\"https:\\\/\\\/www.actisudpaysage.com\\\/site2024\\\/conception-jardin-dijon\\\/#primaryimage\",\"url\":\"https:\\\/\\\/www.actisudpaysage.com\\\/site2024\\\/wp-content\\\/uploads\\\/2024\\\/04\\\/etude-acti-sud-paysage-8.jpg\",\"contentUrl\":\"https:\\\/\\\/www.actisudpaysage.com\\\/site2024\\\/wp-content\\\/uploads\\\/2024\\\/04\\\/etude-acti-sud-paysage-8.jpg\"},{\"@type\":\"BreadcrumbList\",\"@id\":\"https:\\\/\\\/www.actisudpaysage.com\\\/site2024\\\/conception-jardin-dijon\\\/#breadcrumb\",\"itemListElement\":[{\"@type\":\"ListItem\",\"position\":1,\"name\":\"Accueil\",\"item\":\"https:\\\/\\\/www.actisudpaysage.com\\\/site2024\\\/\"},{\"@type\":\"ListItem\",\"position\":2,\"name\":\"Conception de jardins\"}]},{\"@type\":\"WebSite\",\"@id\":\"https:\\\/\\\/www.actisudpaysage.com\\\/site2024\\\/#website\",\"url\":\"https:\\\/\\\/www.actisudpaysage.com\\\/site2024\\\/\",\"name\":\"ACTI SUD PAYSAGE - Paysagiste Dijon\",\"description\":\"Conception &amp; r\u00e9alisation de jardins \u00e0 Dijon\",\"publisher\":{\"@id\":\"https:\\\/\\\/www.actisudpaysage.com\\\/site2024\\\/#organization\"},\"alternateName\":\"acti sud\",\"potentialAction\":[{\"@type\":\"SearchAction\",\"target\":{\"@type\":\"EntryPoint\",\"urlTemplate\":\"https:\\\/\\\/www.actisudpaysage.com\\\/site2024\\\/?s={search_term_string}\"},\"query-input\":{\"@type\":\"PropertyValueSpecification\",\"valueRequired\":true,\"valueName\":\"search_term_string\"}}],\"inLanguage\":\"fr-FR\"},{\"@type\":\"Organization\",\"@id\":\"https:\\\/\\\/www.actisudpaysage.com\\\/site2024\\\/#organization\",\"name\":\"ACTI SUD PAYSAGE\",\"alternateName\":\"actisud\",\"url\":\"https:\\\/\\\/www.actisudpaysage.com\\\/site2024\\\/\",\"logo\":{\"@type\":\"ImageObject\",\"inLanguage\":\"fr-FR\",\"@id\":\"https:\\\/\\\/www.actisudpaysage.com\\\/site2024\\\/#\\\/schema\\\/logo\\\/image\\\/\",\"url\":\"https:\\\/\\\/www.actisudpaysage.com\\\/site2024\\\/wp-content\\\/uploads\\\/2024\\\/03\\\/actisud-logos_RVB-transparent_fonce.png\",\"contentUrl\":\"https:\\\/\\\/www.actisudpaysage.com\\\/site2024\\\/wp-content\\\/uploads\\\/2024\\\/03\\\/actisud-logos_RVB-transparent_fonce.png\",\"width\":300,\"height\":296,\"caption\":\"ACTI SUD PAYSAGE\"},\"image\":{\"@id\":\"https:\\\/\\\/www.actisudpaysage.com\\\/site2024\\\/#\\\/schema\\\/logo\\\/image\\\/\"},\"sameAs\":[\"https:\\\/\\\/www.facebook.com\\\/actisudpaysage\",\"https:\\\/\\\/www.instagram.com\\\/actisudpaysage\\\/\"],\"description\":\"Acti Sud Paysage intervient dans la cr\u00e9ation, l\u2019am\u00e9nagement et l\u2019entretien d\u2019espaces verts sur dijon, genlis, arc sur tille, genlis, nuits saint georges, norges.\",\"email\":\"actisudpaysage@orange.fr\",\"telephone\":\"03 80 59 96 61\",\"legalName\":\"Stephane FICHOT\",\"vatID\":\"FR31499511756\",\"taxID\":\"49951175600029\",\"numberOfEmployees\":{\"@type\":\"QuantitativeValue\",\"minValue\":\"1\",\"maxValue\":\"10\"}}]}<\/script>\n<!-- \/ Yoast SEO Premium plugin. -->","yoast_head_json":{"title":"Conception de jardins - ACTI SUD PAYSAGE","description":"Confiez la conception de votre jardin \u00e0 Dijon \u00e0 Acti Sud Paysage : cr\u00e9ation sur mesure, am\u00e9nagement paysager et espaces verts harmonieux pour tous vos projets.","robots":{"index":"index","follow":"follow","max-snippet":"max-snippet:-1","max-image-preview":"max-image-preview:large","max-video-preview":"max-video-preview:-1"},"canonical":"https:\/\/www.actisudpaysage.com\/site2024\/conception-jardin-dijon\/","og_locale":"fr_FR","og_type":"article","og_title":"Conception de jardins","og_description":"Confiez la conception de votre jardin \u00e0 Dijon \u00e0 Acti Sud Paysage : cr\u00e9ation sur mesure, am\u00e9nagement paysager et espaces verts harmonieux pour tous vos projets.","og_url":"https:\/\/www.actisudpaysage.com\/site2024\/conception-jardin-dijon\/","og_site_name":"ACTI SUD PAYSAGE","article_publisher":"https:\/\/www.facebook.com\/actisudpaysage","article_modified_time":"2026-02-06T14:47:04+00:00","og_image":[{"url":"https:\/\/www.actisudpaysage.com\/site2024\/wp-content\/uploads\/2024\/04\/etude-acti-sud-paysage-8.jpg","type":"","width":"","height":""}],"twitter_card":"summary_large_image","twitter_misc":{"Dur\u00e9e de lecture estim\u00e9e":"3 minutes"},"schema":{"@context":"https:\/\/schema.org","@graph":[{"@type":"WebPage","@id":"https:\/\/www.actisudpaysage.com\/site2024\/conception-jardin-dijon\/","url":"https:\/\/www.actisudpaysage.com\/site2024\/conception-jardin-dijon\/","name":"Conception de jardins - ACTI SUD PAYSAGE","isPartOf":{"@id":"https:\/\/www.actisudpaysage.com\/site2024\/#website"},"primaryImageOfPage":{"@id":"https:\/\/www.actisudpaysage.com\/site2024\/conception-jardin-dijon\/#primaryimage"},"image":{"@id":"https:\/\/www.actisudpaysage.com\/site2024\/conception-jardin-dijon\/#primaryimage"},"thumbnailUrl":"https:\/\/www.actisudpaysage.com\/site2024\/wp-content\/uploads\/2024\/04\/etude-acti-sud-paysage-8.jpg","datePublished":"2020-12-19T10:51:33+00:00","dateModified":"2026-02-06T14:47:04+00:00","description":"Confiez la conception de votre jardin \u00e0 Dijon \u00e0 Acti Sud Paysage : cr\u00e9ation sur mesure, am\u00e9nagement paysager et espaces verts harmonieux pour tous vos projets.","breadcrumb":{"@id":"https:\/\/www.actisudpaysage.com\/site2024\/conception-jardin-dijon\/#breadcrumb"},"inLanguage":"fr-FR","potentialAction":[{"@type":"ReadAction","target":["https:\/\/www.actisudpaysage.com\/site2024\/conception-jardin-dijon\/"]}]},{"@type":"ImageObject","inLanguage":"fr-FR","@id":"https:\/\/www.actisudpaysage.com\/site2024\/conception-jardin-dijon\/#primaryimage","url":"https:\/\/www.actisudpaysage.com\/site2024\/wp-content\/uploads\/2024\/04\/etude-acti-sud-paysage-8.jpg","contentUrl":"https:\/\/www.actisudpaysage.com\/site2024\/wp-content\/uploads\/2024\/04\/etude-acti-sud-paysage-8.jpg"},{"@type":"BreadcrumbList","@id":"https:\/\/www.actisudpaysage.com\/site2024\/conception-jardin-dijon\/#breadcrumb","itemListElement":[{"@type":"ListItem","position":1,"name":"Accueil","item":"https:\/\/www.actisudpaysage.com\/site2024\/"},{"@type":"ListItem","position":2,"name":"Conception de jardins"}]},{"@type":"WebSite","@id":"https:\/\/www.actisudpaysage.com\/site2024\/#website","url":"https:\/\/www.actisudpaysage.com\/site2024\/","name":"ACTI SUD PAYSAGE - Paysagiste Dijon","description":"Conception &amp; r\u00e9alisation de jardins \u00e0 Dijon","publisher":{"@id":"https:\/\/www.actisudpaysage.com\/site2024\/#organization"},"alternateName":"acti sud","potentialAction":[{"@type":"SearchAction","target":{"@type":"EntryPoint","urlTemplate":"https:\/\/www.actisudpaysage.com\/site2024\/?s={search_term_string}"},"query-input":{"@type":"PropertyValueSpecification","valueRequired":true,"valueName":"search_term_string"}}],"inLanguage":"fr-FR"},{"@type":"Organization","@id":"https:\/\/www.actisudpaysage.com\/site2024\/#organization","name":"ACTI SUD PAYSAGE","alternateName":"actisud","url":"https:\/\/www.actisudpaysage.com\/site2024\/","logo":{"@type":"ImageObject","inLanguage":"fr-FR","@id":"https:\/\/www.actisudpaysage.com\/site2024\/#\/schema\/logo\/image\/","url":"https:\/\/www.actisudpaysage.com\/site2024\/wp-content\/uploads\/2024\/03\/actisud-logos_RVB-transparent_fonce.png","contentUrl":"https:\/\/www.actisudpaysage.com\/site2024\/wp-content\/uploads\/2024\/03\/actisud-logos_RVB-transparent_fonce.png","width":300,"height":296,"caption":"ACTI SUD PAYSAGE"},"image":{"@id":"https:\/\/www.actisudpaysage.com\/site2024\/#\/schema\/logo\/image\/"},"sameAs":["https:\/\/www.facebook.com\/actisudpaysage","https:\/\/www.instagram.com\/actisudpaysage\/"],"description":"Acti Sud Paysage intervient dans la cr\u00e9ation, l\u2019am\u00e9nagement et l\u2019entretien d\u2019espaces verts sur dijon, genlis, arc sur tille, genlis, nuits saint georges, norges.","email":"actisudpaysage@orange.fr","telephone":"03 80 59 96 61","legalName":"Stephane FICHOT","vatID":"FR31499511756","taxID":"49951175600029","numberOfEmployees":{"@type":"QuantitativeValue","minValue":"1","maxValue":"10"}}]}},"_links":{"self":[{"href":"https:\/\/www.actisudpaysage.com\/site2024\/wp-json\/wp\/v2\/pages\/188","targetHints":{"allow":["GET"]}}],"collection":[{"href":"https:\/\/www.actisudpaysage.com\/site2024\/wp-json\/wp\/v2\/pages"}],"about":[{"href":"https:\/\/www.actisudpaysage.com\/site2024\/wp-json\/wp\/v2\/types\/page"}],"author":[{"embeddable":true,"href":"https:\/\/www.actisudpaysage.com\/site2024\/wp-json\/wp\/v2\/users\/1"}],"replies":[{"embeddable":true,"href":"https:\/\/www.actisudpaysage.com\/site2024\/wp-json\/wp\/v2\/comments?post=188"}],"version-history":[{"count":7,"href":"https:\/\/www.actisudpaysage.com\/site2024\/wp-json\/wp\/v2\/pages\/188\/revisions"}],"predecessor-version":[{"id":3739,"href":"https:\/\/www.actisudpaysage.com\/site2024\/wp-json\/wp\/v2\/pages\/188\/revisions\/3739"}],"wp:attachment":[{"href":"https:\/\/www.actisudpaysage.com\/site2024\/wp-json\/wp\/v2\/media?parent=188"}],"curies":[{"name":"wp","href":"https:\/\/api.w.org\/{rel}","templated":true}]}}