{"id":197,"date":"2020-12-19T10:52:32","date_gmt":"2020-12-19T10:52:32","guid":{"rendered":"http:\/\/sw-themes.com\/porto_dummy\/?page_id=197"},"modified":"2026-02-06T16:57:18","modified_gmt":"2026-02-06T15:57:18","slug":"contact-paysagiste-dijon","status":"publish","type":"page","link":"https:\/\/www.actisudpaysage.com\/site2024\/contact-paysagiste-dijon\/","title":{"rendered":"Contact"},"content":{"rendered":"\t\t<div data-elementor-type=\"wp-page\" data-elementor-id=\"197\" class=\"elementor elementor-197\" data-elementor-post-type=\"page\">\n\t\t\t\t\t\t<section class=\"porto-full-no-gap elementor-section elementor-top-section elementor-element elementor-element-5183885 elementor-section-full_width elementor-section-height-default elementor-section-height-default\" data-id=\"5183885\" data-element_type=\"section\" data-e-type=\"section\">\r\n\t\t\r\n\t\t\t\t\t\t\t<div class=\"elementor-container elementor-column-gap-no\">\r\n\t\t\t\t\t\t\t\t\t\t\t<div class=\"elementor-column elementor-col-100 elementor-top-column elementor-element elementor-element-4db60c3\" data-id=\"4db60c3\" data-element_type=\"column\" data-e-type=\"column\">\r\n\t\t\t\t\t<div class=\"elementor-widget-wrap elementor-element-populated\">\r\n\t\t\t\t\t\t\t\t<div class=\"elementor-element elementor-element-f3fab42 elementor-widget elementor-widget-google_maps\" data-id=\"f3fab42\" data-element_type=\"widget\" data-e-type=\"widget\" data-widget_type=\"google_maps.default\">\n\t\t\t\t<div class=\"elementor-widget-container\">\n\t\t\t\t\t\t\t<div class=\"elementor-custom-embed\">\n\t\t\t<iframe loading=\"lazy\"\n\t\t\t\t\tsrc=\"https:\/\/maps.google.com\/maps?q=Acti%20Sud%20Paysage%20&#038;t=m&#038;z=13&#038;output=embed&#038;iwloc=near\"\n\t\t\t\t\ttitle=\"Acti Sud Paysage \"\n\t\t\t\t\taria-label=\"Acti Sud Paysage \"\n\t\t\t><\/iframe>\n\t\t<\/div>\n\t\t\t\t\t\t<\/div>\n\t\t\t\t<\/div>\n\t\t\t\t\t<\/div>\r\n\t\t\t\t<\/div>\r\n\t\t\t\t\t<\/div>\r\n\t\t\t\t<\/section>\r\n\t\t\t\t<section class=\"elementor-section elementor-top-section elementor-element elementor-element-0b34524 py-4 my-5 elementor-section-boxed elementor-section-height-default elementor-section-height-default\" data-id=\"0b34524\" data-element_type=\"section\" data-e-type=\"section\">\r\n\t\t\r\n\t\t\t\t\t\t\t<div class=\"elementor-container elementor-column-gap-default\">\r\n\t\t\t\t\t\t\t\t\t\t\t<div class=\"elementor-column elementor-col-50 elementor-top-column elementor-element elementor-element-4b2550c\" data-id=\"4b2550c\" data-element_type=\"column\" data-e-type=\"column\">\r\n\t\t\t\t\t<div class=\"elementor-widget-wrap elementor-element-populated\">\r\n\t\t\t\t\t\t\t\t<div class=\"elementor-element elementor-element-1e8abf2 elementor-widget elementor-widget-image\" data-id=\"1e8abf2\" data-element_type=\"widget\" data-e-type=\"widget\" data-widget_type=\"image.default\">\n\t\t\t\t<div class=\"elementor-widget-container\">\n\t\t\t\t\t\t\t\t\t\t\t\t\t\t\t<img fetchpriority=\"high\" decoding=\"async\" width=\"300\" height=\"296\" src=\"https:\/\/www.actisudpaysage.com\/site2024\/wp-content\/uploads\/2024\/03\/actisud-logos_RVB-transparent_fonce.png\" class=\"attachment-medium size-medium wp-image-12\" alt=\"\" \/>\t\t\t\t\t\t\t\t\t\t\t\t\t\t\t<\/div>\n\t\t\t\t<\/div>\n\t\t\t\t<div class=\"elementor-element elementor-element-6e19890 ps-3 mb-4 pb-2 elementor-widget elementor-widget-porto_info_box\" data-id=\"6e19890\" data-element_type=\"widget\" data-e-type=\"widget\" data-widget_type=\"porto_info_box.default\">\n\t\t\t\t<div class=\"elementor-widget-container\">\n\t\t\t\t\t<div class=\"porto-sicon-box style_1 left-icon\"><div class=\"porto-sicon-left\"><div class=\"porto-just-icon-wrapper porto-icon none\" style=\"margin-right:2rem;\"><i class=\"Simple-Line-Icons-location-pin\"><\/i><\/div><\/div><div class=\"porto-sicon-body\"><div class=\"porto-sicon-header\"><h3 class=\"porto-sicon-title\" style=\"\">Acti Sud Paysage<\/h3><\/div> <!-- header --><div class=\"porto-sicon-description\" style=\"\" ><div class=\"d-flex flex-column flex-md-row\"><ul class=\"list list-unstyled pe-5 mb-md-0\"><li class=\"mb-0\"><strong class=\"text-color-dark custom-font-size-3\">Bureaux<\/strong><\/li><li class=\"mb-0\">400 rue de la Pi\u00e8ce L\u00e9ger<\/li><li class=\"mb-0\">21160 MARSANNAY LA COTE<\/li><li class=\"mb-0\">FRANCE<\/li><\/ul><\/div><\/div> <!-- description --><\/div><\/div><!-- porto-sicon-box -->\t\t\t\t<\/div>\n\t\t\t\t<\/div>\n\t\t\t\t<div class=\"elementor-element elementor-element-7b80010 ps-3 mb-4 pb-2 elementor-widget elementor-widget-porto_info_box\" data-id=\"7b80010\" data-element_type=\"widget\" data-e-type=\"widget\" data-widget_type=\"porto_info_box.default\">\n\t\t\t\t<div class=\"elementor-widget-container\">\n\t\t\t\t\t<div class=\"porto-sicon-box style_1 left-icon\"><div class=\"porto-sicon-left\"><div class=\"porto-just-icon-wrapper porto-icon none\" style=\"margin-right:2rem;\"><i class=\"Simple-Line-Icons-envelope\"><\/i><\/div><\/div><div class=\"porto-sicon-body\"><div class=\"porto-sicon-header\"><h3 class=\"porto-sicon-title\" style=\"\">Adresse mail<\/h3><\/div> <!-- header --><div class=\"porto-sicon-description\" style=\"\" ><ul class=\"list list-unstyled pe-5 mb-0\"><li class=\"mb-0\">actisudpaysage@orange.fr<\/li><\/ul><\/div> <!-- description --><\/div><\/div><!-- porto-sicon-box -->\t\t\t\t<\/div>\n\t\t\t\t<\/div>\n\t\t\t\t<div class=\"elementor-element elementor-element-9376a34 ps-3 mb-3 elementor-widget elementor-widget-porto_info_box\" data-id=\"9376a34\" data-element_type=\"widget\" data-e-type=\"widget\" data-widget_type=\"porto_info_box.default\">\n\t\t\t\t<div class=\"elementor-widget-container\">\n\t\t\t\t\t<div class=\"porto-sicon-box style_1 left-icon\"><div class=\"porto-sicon-left\"><div class=\"porto-just-icon-wrapper porto-icon none\" style=\"margin-right:2rem;\"><i class=\"Simple-Line-Icons-screen-smartphone\"><\/i><\/div><\/div><div class=\"porto-sicon-body\"><div class=\"porto-sicon-header\"><h3 class=\"porto-sicon-title\" style=\"\">T\u00e9l\u00e9phone<\/h3><\/div> <!-- header --><div class=\"porto-sicon-description\" style=\"\" ><ul class=\"list list-unstyled pe-5 mb-0\"><li class=\"mb-0\">03 80 59 96 61<\/li><\/ul><\/div> <!-- description --><\/div><\/div><!-- porto-sicon-box -->\t\t\t\t<\/div>\n\t\t\t\t<\/div>\n\t\t\t\t\t<\/div>\r\n\t\t\t\t<\/div>\r\n\t\t\t\t<div class=\"elementor-column elementor-col-50 elementor-top-column elementor-element elementor-element-95bfb8b\" data-id=\"95bfb8b\" data-element_type=\"column\" data-e-type=\"column\">\r\n\t\t\t\t\t<div class=\"elementor-widget-wrap elementor-element-populated\">\r\n\t\t\t\t\t\t\t\t<div class=\"elementor-element elementor-element-22b1ae3 mb-4 pb-2 elementor-widget elementor-widget-heading\" data-id=\"22b1ae3\" data-element_type=\"widget\" data-e-type=\"widget\" data-widget_type=\"heading.default\">\n\t\t\t\t<div class=\"elementor-widget-container\">\n\t\t\t\t\t<h2 class=\"elementor-heading-title elementor-size-default\">Le projet de vos r\u00eaves\n\u00e0 quelques clics<\/h2>\t\t\t\t<\/div>\n\t\t\t\t<\/div>\n\t\t\t\t<div class=\"elementor-element elementor-element-7f948ca elementor-widget elementor-widget-heading\" data-id=\"7f948ca\" data-element_type=\"widget\" data-e-type=\"widget\" data-widget_type=\"heading.default\">\n\t\t\t\t<div class=\"elementor-widget-container\">\n\t\t\t\t\t<h3 class=\"elementor-heading-title elementor-size-default\">Devis paysagiste Dijon<\/h3>\t\t\t\t<\/div>\n\t\t\t\t<\/div>\n\t\t\t\t<div class=\"elementor-element elementor-element-cbb49f2 elementor-widget elementor-widget-text-editor\" data-id=\"cbb49f2\" data-element_type=\"widget\" data-e-type=\"widget\" data-widget_type=\"text-editor.default\">\n\t\t\t\t<div class=\"elementor-widget-container\">\n\t\t\t\t\t\t\t\t\t<p>Besoin d\u2019un conseil, d\u2019une information ?<\/p>\t\t\t\t\t\t\t\t<\/div>\n\t\t\t\t<\/div>\n\t\t\t\t<div class=\"elementor-element elementor-element-2784d26 elementor-widget elementor-widget-shortcode\" data-id=\"2784d26\" data-element_type=\"widget\" data-e-type=\"widget\" data-widget_type=\"shortcode.default\">\n\t\t\t\t<div class=\"elementor-widget-container\">\n\t\t\t\t\t\t\t<div class=\"elementor-shortcode\">\n<div class=\"wpcf7 no-js\" id=\"wpcf7-f174-o1\" lang=\"en-US\" dir=\"ltr\" data-wpcf7-id=\"174\">\n<div class=\"screen-reader-response\"><p role=\"status\" aria-live=\"polite\" aria-atomic=\"true\"><\/p> <ul><\/ul><\/div>\n<form action=\"\/site2024\/wp-json\/wp\/v2\/pages\/197#wpcf7-f174-o1\" method=\"post\" class=\"wpcf7-form init\" aria-label=\"Contact form\" enctype=\"multipart\/form-data\" novalidate=\"novalidate\" data-status=\"init\">\n<fieldset class=\"hidden-fields-container\"><input type=\"hidden\" name=\"_wpcf7\" value=\"174\" \/><input type=\"hidden\" name=\"_wpcf7_version\" value=\"6.1.5\" \/><input type=\"hidden\" name=\"_wpcf7_locale\" value=\"en_US\" \/><input type=\"hidden\" name=\"_wpcf7_unit_tag\" value=\"wpcf7-f174-o1\" \/><input type=\"hidden\" name=\"_wpcf7_container_post\" value=\"0\" \/><input type=\"hidden\" name=\"_wpcf7_posted_data_hash\" value=\"\" \/><input type=\"hidden\" name=\"_wpcf7_recaptcha_response\" value=\"\" \/>\n<\/fieldset>\n<div class=\"form-group mb-3\">Vos besoins\n\t<span class=\"wpcf7-form-control-wrap\" data-name=\"Vosbesoins\"><select class=\"wpcf7-form-control wpcf7-select wpcf7-validates-as-required\" aria-required=\"true\" aria-invalid=\"false\" name=\"Vosbesoins\"><option value=\"Am\u00e9nagement de terrasse\">Am\u00e9nagement de terrasse<\/option><option value=\"V\u00e9g\u00e9talisation jardin\">V\u00e9g\u00e9talisation jardin<\/option><option value=\"V\u00e9g\u00e9talisation balcon\">V\u00e9g\u00e9talisation balcon<\/option><option value=\"Installation v\u00e9randa \/ Pergola \/ Piscine \/ Spa\">Installation v\u00e9randa \/ Pergola \/ Piscine \/ Spa<\/option><option value=\"Entretien espace vert\">Entretien espace vert<\/option><option value=\"Conception &amp; bureau d&#039;\u00e9tude\">Conception &amp; bureau d&#039;\u00e9tude<\/option><\/select><\/span>\n<\/div>\n<div class=\"form-group mb-3\">Votre d\u00e9lai \n\t<span class=\"wpcf7-form-control-wrap\" data-name=\"Votredelai\"><select class=\"wpcf7-form-control wpcf7-select wpcf7-validates-as-required\" aria-required=\"true\" aria-invalid=\"false\" name=\"Votredelai\"><option value=\"1 \u00e0 3 mois\">1 \u00e0 3 mois<\/option><option value=\"3 \u00e0 6 mois\">3 \u00e0 6 mois<\/option><option value=\"6 mois et plus\">6 mois et plus<\/option><\/select><\/span>\n<\/div>\n<div class=\"form-group mb-3\">\n\t<span class=\"wpcf7-form-control-wrap\" data-name=\"your-name\"><input size=\"40\" maxlength=\"400\" class=\"wpcf7-form-control wpcf7-text wpcf7-validates-as-required form-control\" aria-required=\"true\" aria-invalid=\"false\" placeholder=\"Votre nom\" value=\"\" type=\"text\" name=\"your-name\" \/><\/span>\n<\/div>\n<div class=\"form-group mb-3\">\n\t<span class=\"wpcf7-form-control-wrap\" data-name=\"your-forname\"><input size=\"40\" maxlength=\"400\" class=\"wpcf7-form-control wpcf7-text wpcf7-validates-as-required form-control\" aria-required=\"true\" aria-invalid=\"false\" placeholder=\"Votre pr\u00e9nom\" value=\"\" type=\"text\" name=\"your-forname\" \/><\/span>\n<\/div>\n<div class=\"form-group mb-3\">\n\t<span class=\"wpcf7-form-control-wrap\" data-name=\"your-email\"><input size=\"40\" maxlength=\"400\" class=\"wpcf7-form-control wpcf7-email wpcf7-validates-as-required wpcf7-text wpcf7-validates-as-email form-control\" aria-required=\"true\" aria-invalid=\"false\" placeholder=\"Adresse email\" value=\"\" type=\"email\" name=\"your-email\" \/><\/span>\n<\/div>\n<div class=\"form-group mb-3\">\n\t<span class=\"wpcf7-form-control-wrap\" data-name=\"your-message\"><textarea cols=\"40\" rows=\"7\" maxlength=\"2000\" class=\"wpcf7-form-control wpcf7-textarea wpcf7-validates-as-required form-control\" aria-required=\"true\" aria-invalid=\"false\" placeholder=\"Parlez-nous de votre projet\" name=\"your-message\"><\/textarea><\/span>\n<\/div>\n<div class=\"form-group mb-3\">\n\t<span class=\"wpcf7-form-control-wrap\" data-name=\"tel-744\"><input size=\"40\" maxlength=\"400\" class=\"wpcf7-form-control wpcf7-tel wpcf7-text wpcf7-validates-as-tel form-control\" aria-invalid=\"false\" placeholder=\"Votre t\u00e9l\u00e9phone portable\" value=\"\" type=\"tel\" name=\"tel-744\" \/><\/span> \n<\/div>\nPi\u00e8ce jointe (image, projet\u2026) : <span class=\"wpcf7-form-control-wrap\" data-name=\"file-951\"><input size=\"40\" class=\"wpcf7-form-control wpcf7-file\" accept=\"audio\/*,video\/*,image\/*\" aria-invalid=\"false\" type=\"file\" name=\"file-951\" \/><\/span>\n<div class=\"form-group btn-triangle\">\n    <button type=\"submit\" class=\"btn btn-primary btn-modern btn-lg\">Envoyer le Message<\/button>\n<\/div><div class=\"wpcf7-response-output\" aria-hidden=\"true\"><\/div>\n<\/form>\n<\/div>\n<\/div>\n\t\t\t\t\t\t<\/div>\n\t\t\t\t<\/div>\n\t\t\t\t\t<\/div>\r\n\t\t\t\t<\/div>\r\n\t\t\t\t\t<\/div>\r\n\t\t\t\t<\/section>\r\n\t\t\t\t<\/div>\n\t\t","protected":false},"excerpt":{"rendered":"<p>Acti Sud Paysage Bureaux 400 rue de la Pi\u00e8ce L\u00e9ger 21160 MARSANNAY LA COTE FRANCE Adresse mail actisudpaysage@orange.fr T\u00e9l\u00e9phone 03 80 59 96 61 Le projet de vos r\u00eaves \u00e0 quelques clics Devis paysagiste Dijon Besoin d\u2019un conseil, d\u2019une information ?<\/p>\n","protected":false},"author":1,"featured_media":0,"parent":0,"menu_order":0,"comment_status":"closed","ping_status":"closed","template":"","meta":{"_acf_changed":false,"_monsterinsights_skip_tracking":false,"_monsterinsights_sitenote_active":false,"_monsterinsights_sitenote_note":"","_monsterinsights_sitenote_category":0,"footnotes":""},"class_list":["post-197","page","type-page","status-publish","hentry"],"acf":[],"yoast_head":"<!-- This site is optimized with the Yoast SEO Premium plugin v27.4 (Yoast SEO v27.4) - https:\/\/yoast.com\/product\/yoast-seo-premium-wordpress\/ -->\n<title>Contact - ACTI SUD PAYSAGE<\/title>\n<meta name=\"description\" content=\"Contactez Actisud Paysage, votre paysagiste \u00e0 Dijon et Marsannay\u2011la\u2011C\u00f4te. Remplissez notre formulaire ou appelez-nous pour un devis personnalis\u00e9 et des conseils pour vos projets d\u2019am\u00e9nagement ext\u00e9rieur.\" \/>\n<meta name=\"robots\" content=\"index, follow, max-snippet:-1, max-image-preview:large, max-video-preview:-1\" \/>\n<link rel=\"canonical\" href=\"https:\/\/www.actisudpaysage.com\/site2024\/contact-paysagiste-dijon\/\" \/>\n<meta property=\"og:locale\" content=\"fr_FR\" \/>\n<meta property=\"og:type\" content=\"article\" \/>\n<meta property=\"og:title\" content=\"Contact\" \/>\n<meta property=\"og:description\" content=\"Contactez Actisud Paysage, votre paysagiste \u00e0 Dijon et Marsannay\u2011la\u2011C\u00f4te. Remplissez notre formulaire ou appelez-nous pour un devis personnalis\u00e9 et des conseils pour vos projets d\u2019am\u00e9nagement ext\u00e9rieur.\" \/>\n<meta property=\"og:url\" content=\"https:\/\/www.actisudpaysage.com\/site2024\/contact-paysagiste-dijon\/\" \/>\n<meta property=\"og:site_name\" content=\"ACTI SUD PAYSAGE\" \/>\n<meta property=\"article:publisher\" content=\"https:\/\/www.facebook.com\/actisudpaysage\" \/>\n<meta property=\"article:modified_time\" content=\"2026-02-06T15:57:18+00:00\" \/>\n<meta property=\"og:image\" content=\"https:\/\/www.actisudpaysage.com\/site2024\/wp-content\/uploads\/2024\/03\/actisud-logos_RVB-transparent_fonce.png\" \/>\n\t<meta property=\"og:image:width\" content=\"300\" \/>\n\t<meta property=\"og:image:height\" content=\"296\" \/>\n\t<meta property=\"og:image:type\" content=\"image\/png\" \/>\n<meta name=\"twitter:card\" content=\"summary_large_image\" \/>\n<meta name=\"twitter:label1\" content=\"Dur\u00e9e de lecture estim\u00e9e\" \/>\n\t<meta name=\"twitter:data1\" content=\"1 minute\" \/>\n<script type=\"application\/ld+json\" class=\"yoast-schema-graph\">{\"@context\":\"https:\\\/\\\/schema.org\",\"@graph\":[{\"@type\":\"WebPage\",\"@id\":\"https:\\\/\\\/www.actisudpaysage.com\\\/site2024\\\/contact-paysagiste-dijon\\\/\",\"url\":\"https:\\\/\\\/www.actisudpaysage.com\\\/site2024\\\/contact-paysagiste-dijon\\\/\",\"name\":\"Contact - ACTI SUD PAYSAGE\",\"isPartOf\":{\"@id\":\"https:\\\/\\\/www.actisudpaysage.com\\\/site2024\\\/#website\"},\"primaryImageOfPage\":{\"@id\":\"https:\\\/\\\/www.actisudpaysage.com\\\/site2024\\\/contact-paysagiste-dijon\\\/#primaryimage\"},\"image\":{\"@id\":\"https:\\\/\\\/www.actisudpaysage.com\\\/site2024\\\/contact-paysagiste-dijon\\\/#primaryimage\"},\"thumbnailUrl\":\"https:\\\/\\\/www.actisudpaysage.com\\\/site2024\\\/wp-content\\\/uploads\\\/2024\\\/03\\\/actisud-logos_RVB-transparent_fonce.png\",\"datePublished\":\"2020-12-19T10:52:32+00:00\",\"dateModified\":\"2026-02-06T15:57:18+00:00\",\"description\":\"Contactez Actisud Paysage, votre paysagiste \u00e0 Dijon et Marsannay\u2011la\u2011C\u00f4te. Remplissez notre formulaire ou appelez-nous pour un devis personnalis\u00e9 et des conseils pour vos projets d\u2019am\u00e9nagement ext\u00e9rieur.\",\"breadcrumb\":{\"@id\":\"https:\\\/\\\/www.actisudpaysage.com\\\/site2024\\\/contact-paysagiste-dijon\\\/#breadcrumb\"},\"inLanguage\":\"fr-FR\",\"potentialAction\":[{\"@type\":\"ReadAction\",\"target\":[\"https:\\\/\\\/www.actisudpaysage.com\\\/site2024\\\/contact-paysagiste-dijon\\\/\"]}]},{\"@type\":\"ImageObject\",\"inLanguage\":\"fr-FR\",\"@id\":\"https:\\\/\\\/www.actisudpaysage.com\\\/site2024\\\/contact-paysagiste-dijon\\\/#primaryimage\",\"url\":\"https:\\\/\\\/www.actisudpaysage.com\\\/site2024\\\/wp-content\\\/uploads\\\/2024\\\/03\\\/actisud-logos_RVB-transparent_fonce.png\",\"contentUrl\":\"https:\\\/\\\/www.actisudpaysage.com\\\/site2024\\\/wp-content\\\/uploads\\\/2024\\\/03\\\/actisud-logos_RVB-transparent_fonce.png\",\"width\":300,\"height\":296},{\"@type\":\"BreadcrumbList\",\"@id\":\"https:\\\/\\\/www.actisudpaysage.com\\\/site2024\\\/contact-paysagiste-dijon\\\/#breadcrumb\",\"itemListElement\":[{\"@type\":\"ListItem\",\"position\":1,\"name\":\"Accueil\",\"item\":\"https:\\\/\\\/www.actisudpaysage.com\\\/site2024\\\/\"},{\"@type\":\"ListItem\",\"position\":2,\"name\":\"Contact\"}]},{\"@type\":\"WebSite\",\"@id\":\"https:\\\/\\\/www.actisudpaysage.com\\\/site2024\\\/#website\",\"url\":\"https:\\\/\\\/www.actisudpaysage.com\\\/site2024\\\/\",\"name\":\"ACTI SUD PAYSAGE - Paysagiste Dijon\",\"description\":\"Conception &amp; r\u00e9alisation de jardins \u00e0 Dijon\",\"publisher\":{\"@id\":\"https:\\\/\\\/www.actisudpaysage.com\\\/site2024\\\/#organization\"},\"alternateName\":\"acti sud\",\"potentialAction\":[{\"@type\":\"SearchAction\",\"target\":{\"@type\":\"EntryPoint\",\"urlTemplate\":\"https:\\\/\\\/www.actisudpaysage.com\\\/site2024\\\/?s={search_term_string}\"},\"query-input\":{\"@type\":\"PropertyValueSpecification\",\"valueRequired\":true,\"valueName\":\"search_term_string\"}}],\"inLanguage\":\"fr-FR\"},{\"@type\":\"Organization\",\"@id\":\"https:\\\/\\\/www.actisudpaysage.com\\\/site2024\\\/#organization\",\"name\":\"ACTI SUD PAYSAGE\",\"alternateName\":\"actisud\",\"url\":\"https:\\\/\\\/www.actisudpaysage.com\\\/site2024\\\/\",\"logo\":{\"@type\":\"ImageObject\",\"inLanguage\":\"fr-FR\",\"@id\":\"https:\\\/\\\/www.actisudpaysage.com\\\/site2024\\\/#\\\/schema\\\/logo\\\/image\\\/\",\"url\":\"https:\\\/\\\/www.actisudpaysage.com\\\/site2024\\\/wp-content\\\/uploads\\\/2024\\\/03\\\/actisud-logos_RVB-transparent_fonce.png\",\"contentUrl\":\"https:\\\/\\\/www.actisudpaysage.com\\\/site2024\\\/wp-content\\\/uploads\\\/2024\\\/03\\\/actisud-logos_RVB-transparent_fonce.png\",\"width\":300,\"height\":296,\"caption\":\"ACTI SUD PAYSAGE\"},\"image\":{\"@id\":\"https:\\\/\\\/www.actisudpaysage.com\\\/site2024\\\/#\\\/schema\\\/logo\\\/image\\\/\"},\"sameAs\":[\"https:\\\/\\\/www.facebook.com\\\/actisudpaysage\",\"https:\\\/\\\/www.instagram.com\\\/actisudpaysage\\\/\"],\"description\":\"Acti Sud Paysage intervient dans la cr\u00e9ation, l\u2019am\u00e9nagement et l\u2019entretien d\u2019espaces verts sur dijon, genlis, arc sur tille, genlis, nuits saint georges, norges.\",\"email\":\"actisudpaysage@orange.fr\",\"telephone\":\"03 80 59 96 61\",\"legalName\":\"Stephane FICHOT\",\"vatID\":\"FR31499511756\",\"taxID\":\"49951175600029\",\"numberOfEmployees\":{\"@type\":\"QuantitativeValue\",\"minValue\":\"1\",\"maxValue\":\"10\"}}]}<\/script>\n<!-- \/ Yoast SEO Premium plugin. -->","yoast_head_json":{"title":"Contact - ACTI SUD PAYSAGE","description":"Contactez Actisud Paysage, votre paysagiste \u00e0 Dijon et Marsannay\u2011la\u2011C\u00f4te. Remplissez notre formulaire ou appelez-nous pour un devis personnalis\u00e9 et des conseils pour vos projets d\u2019am\u00e9nagement ext\u00e9rieur.","robots":{"index":"index","follow":"follow","max-snippet":"max-snippet:-1","max-image-preview":"max-image-preview:large","max-video-preview":"max-video-preview:-1"},"canonical":"https:\/\/www.actisudpaysage.com\/site2024\/contact-paysagiste-dijon\/","og_locale":"fr_FR","og_type":"article","og_title":"Contact","og_description":"Contactez Actisud Paysage, votre paysagiste \u00e0 Dijon et Marsannay\u2011la\u2011C\u00f4te. Remplissez notre formulaire ou appelez-nous pour un devis personnalis\u00e9 et des conseils pour vos projets d\u2019am\u00e9nagement ext\u00e9rieur.","og_url":"https:\/\/www.actisudpaysage.com\/site2024\/contact-paysagiste-dijon\/","og_site_name":"ACTI SUD PAYSAGE","article_publisher":"https:\/\/www.facebook.com\/actisudpaysage","article_modified_time":"2026-02-06T15:57:18+00:00","og_image":[{"width":300,"height":296,"url":"https:\/\/www.actisudpaysage.com\/site2024\/wp-content\/uploads\/2024\/03\/actisud-logos_RVB-transparent_fonce.png","type":"image\/png"}],"twitter_card":"summary_large_image","twitter_misc":{"Dur\u00e9e de lecture estim\u00e9e":"1 minute"},"schema":{"@context":"https:\/\/schema.org","@graph":[{"@type":"WebPage","@id":"https:\/\/www.actisudpaysage.com\/site2024\/contact-paysagiste-dijon\/","url":"https:\/\/www.actisudpaysage.com\/site2024\/contact-paysagiste-dijon\/","name":"Contact - ACTI SUD PAYSAGE","isPartOf":{"@id":"https:\/\/www.actisudpaysage.com\/site2024\/#website"},"primaryImageOfPage":{"@id":"https:\/\/www.actisudpaysage.com\/site2024\/contact-paysagiste-dijon\/#primaryimage"},"image":{"@id":"https:\/\/www.actisudpaysage.com\/site2024\/contact-paysagiste-dijon\/#primaryimage"},"thumbnailUrl":"https:\/\/www.actisudpaysage.com\/site2024\/wp-content\/uploads\/2024\/03\/actisud-logos_RVB-transparent_fonce.png","datePublished":"2020-12-19T10:52:32+00:00","dateModified":"2026-02-06T15:57:18+00:00","description":"Contactez Actisud Paysage, votre paysagiste \u00e0 Dijon et Marsannay\u2011la\u2011C\u00f4te. Remplissez notre formulaire ou appelez-nous pour un devis personnalis\u00e9 et des conseils pour vos projets d\u2019am\u00e9nagement ext\u00e9rieur.","breadcrumb":{"@id":"https:\/\/www.actisudpaysage.com\/site2024\/contact-paysagiste-dijon\/#breadcrumb"},"inLanguage":"fr-FR","potentialAction":[{"@type":"ReadAction","target":["https:\/\/www.actisudpaysage.com\/site2024\/contact-paysagiste-dijon\/"]}]},{"@type":"ImageObject","inLanguage":"fr-FR","@id":"https:\/\/www.actisudpaysage.com\/site2024\/contact-paysagiste-dijon\/#primaryimage","url":"https:\/\/www.actisudpaysage.com\/site2024\/wp-content\/uploads\/2024\/03\/actisud-logos_RVB-transparent_fonce.png","contentUrl":"https:\/\/www.actisudpaysage.com\/site2024\/wp-content\/uploads\/2024\/03\/actisud-logos_RVB-transparent_fonce.png","width":300,"height":296},{"@type":"BreadcrumbList","@id":"https:\/\/www.actisudpaysage.com\/site2024\/contact-paysagiste-dijon\/#breadcrumb","itemListElement":[{"@type":"ListItem","position":1,"name":"Accueil","item":"https:\/\/www.actisudpaysage.com\/site2024\/"},{"@type":"ListItem","position":2,"name":"Contact"}]},{"@type":"WebSite","@id":"https:\/\/www.actisudpaysage.com\/site2024\/#website","url":"https:\/\/www.actisudpaysage.com\/site2024\/","name":"ACTI SUD PAYSAGE - Paysagiste Dijon","description":"Conception &amp; r\u00e9alisation de jardins \u00e0 Dijon","publisher":{"@id":"https:\/\/www.actisudpaysage.com\/site2024\/#organization"},"alternateName":"acti sud","potentialAction":[{"@type":"SearchAction","target":{"@type":"EntryPoint","urlTemplate":"https:\/\/www.actisudpaysage.com\/site2024\/?s={search_term_string}"},"query-input":{"@type":"PropertyValueSpecification","valueRequired":true,"valueName":"search_term_string"}}],"inLanguage":"fr-FR"},{"@type":"Organization","@id":"https:\/\/www.actisudpaysage.com\/site2024\/#organization","name":"ACTI SUD PAYSAGE","alternateName":"actisud","url":"https:\/\/www.actisudpaysage.com\/site2024\/","logo":{"@type":"ImageObject","inLanguage":"fr-FR","@id":"https:\/\/www.actisudpaysage.com\/site2024\/#\/schema\/logo\/image\/","url":"https:\/\/www.actisudpaysage.com\/site2024\/wp-content\/uploads\/2024\/03\/actisud-logos_RVB-transparent_fonce.png","contentUrl":"https:\/\/www.actisudpaysage.com\/site2024\/wp-content\/uploads\/2024\/03\/actisud-logos_RVB-transparent_fonce.png","width":300,"height":296,"caption":"ACTI SUD PAYSAGE"},"image":{"@id":"https:\/\/www.actisudpaysage.com\/site2024\/#\/schema\/logo\/image\/"},"sameAs":["https:\/\/www.facebook.com\/actisudpaysage","https:\/\/www.instagram.com\/actisudpaysage\/"],"description":"Acti Sud Paysage intervient dans la cr\u00e9ation, l\u2019am\u00e9nagement et l\u2019entretien d\u2019espaces verts sur dijon, genlis, arc sur tille, genlis, nuits saint georges, norges.","email":"actisudpaysage@orange.fr","telephone":"03 80 59 96 61","legalName":"Stephane FICHOT","vatID":"FR31499511756","taxID":"49951175600029","numberOfEmployees":{"@type":"QuantitativeValue","minValue":"1","maxValue":"10"}}]}},"_links":{"self":[{"href":"https:\/\/www.actisudpaysage.com\/site2024\/wp-json\/wp\/v2\/pages\/197","targetHints":{"allow":["GET"]}}],"collection":[{"href":"https:\/\/www.actisudpaysage.com\/site2024\/wp-json\/wp\/v2\/pages"}],"about":[{"href":"https:\/\/www.actisudpaysage.com\/site2024\/wp-json\/wp\/v2\/types\/page"}],"author":[{"embeddable":true,"href":"https:\/\/www.actisudpaysage.com\/site2024\/wp-json\/wp\/v2\/users\/1"}],"replies":[{"embeddable":true,"href":"https:\/\/www.actisudpaysage.com\/site2024\/wp-json\/wp\/v2\/comments?post=197"}],"version-history":[{"count":9,"href":"https:\/\/www.actisudpaysage.com\/site2024\/wp-json\/wp\/v2\/pages\/197\/revisions"}],"predecessor-version":[{"id":3756,"href":"https:\/\/www.actisudpaysage.com\/site2024\/wp-json\/wp\/v2\/pages\/197\/revisions\/3756"}],"wp:attachment":[{"href":"https:\/\/www.actisudpaysage.com\/site2024\/wp-json\/wp\/v2\/media?parent=197"}],"curies":[{"name":"wp","href":"https:\/\/api.w.org\/{rel}","templated":true}]}}